{"id":25738,"date":"2023-03-13T16:24:48","date_gmt":"2023-03-13T15:24:48","guid":{"rendered":"https:\/\/develop.visionmedia.nu\/mansasen\/to-do\/"},"modified":"2023-05-23T12:41:45","modified_gmt":"2023-05-23T10:41:45","slug":"to-do","status":"publish","type":"page","link":"https:\/\/mansasen.com\/en\/to-do\/","title":{"rendered":"To do"},"content":{"rendered":"<p>[et_pb_section fb_built=&#8221;1&#8243; admin_label=&#8221;Hero&#8221; _builder_version=&#8221;4.18.0&#8243; background_image=&#8221;https:\/\/mansasen.com\/wp-content\/uploads\/2023\/04\/header-2023-04-25T152917.883.jpg&#8221; custom_margin=&#8221;||||false&#8221; custom_padding=&#8221;21vw||21vw||true|false&#8221; locked=&#8221;off&#8221; global_colors_info=&#8221;{}&#8221;][\/et_pb_section][et_pb_section fb_built=&#8221;1&#8243; admin_label=&#8221;About Us&#8221; _builder_version=&#8221;4.16&#8243; global_colors_info=&#8221;{}&#8221;][et_pb_row column_structure=&#8221;1_2,1_2&#8243; _builder_version=&#8221;4.16&#8243; global_colors_info=&#8221;{}&#8221;][et_pb_column type=&#8221;1_2&#8243; _builder_version=&#8221;4.16&#8243; custom_padding=&#8221;|||&#8221; global_colors_info=&#8221;{}&#8221; custom_padding__hover=&#8221;|||&#8221;][et_pb_text _builder_version=&#8221;4.18.0&#8243; text_font=&#8221;||||||||&#8221; header_font=&#8221;||||||||&#8221; header_2_font=&#8221;|700|||||||&#8221; header_2_font_size=&#8221;42px&#8221; header_2_line_height=&#8221;1.2em&#8221; text_orientation=&#8221;center&#8221; module_alignment=&#8221;center&#8221; custom_margin=&#8221;|||&#8221; custom_padding=&#8221;|||&#8221; header_2_font_size_tablet=&#8221;&#8221; header_2_font_size_phone=&#8221;36px&#8221; header_2_font_size_last_edited=&#8221;on|phone&#8221; locked=&#8221;off&#8221; global_colors_info=&#8221;{}&#8221;]<\/p>\n<h2>To do<\/h2>\n<p>[\/et_pb_text][et_pb_divider color=&#8221;#bc1700&#8243; divider_position=&#8221;center&#8221; divider_weight=&#8221;5px&#8221; _builder_version=&#8221;4.18.0&#8243; max_width=&#8221;50px&#8221; module_alignment=&#8221;center&#8221; locked=&#8221;off&#8221; global_colors_info=&#8221;{}&#8221;][\/et_pb_divider][et_pb_text _builder_version=&#8221;4.18.0&#8243; text_font=&#8221;||||||||&#8221; text_font_size=&#8221;15px&#8221; text_line_height=&#8221;1.8em&#8221; link_text_color=&#8221;#bc1700&#8243; header_text_align=&#8221;left&#8221; custom_padding=&#8221;|||&#8221; custom_padding_tablet=&#8221;|40px||40px||true&#8221; custom_padding_last_edited=&#8221;off|desktop&#8221; global_colors_info=&#8221;{}&#8221;]On the farm we have a large flea market with furniture, curios etc.<\/p>\n<p>We recommend dinner at <a href=\"http:\/\/www.tivars.se\/\"><strong>Tivars<\/strong><\/a> on Norder\u00f6n, 8 km from M\u00e5ns\u00e5sen Summer open until 8 p.m. or at the restaurant<span> <\/span><a href=\"http:\/\/www.havvielaine.com\/\">H\u00e4vvi Eleine<\/a><span> <\/span>close to Myrviken. See info on websites or Facebook.<\/p>\n<p>In Myrviken, 8 km south of M\u00e5ns\u00e5sen, there is an ICA N\u00c4RA store and<span> <\/span><a href=\"https:\/\/fjallkonditoriet.se\/\">Fj\u00e4llkonditoriet<\/a><span> <\/span>with its own bakery, caf\u00e9 and light lunches.<\/p>\n<p>In V\u00e4llviken, 3 km from the farm, there is a steamboat pier with a small boat harbor, guest harbor, bathing area, and barbecue spot. If you arrive by boat on Lake Storsj\u00f6n, we can arrange pickup at the pier.<\/p>\n<p>It is 49 km to \u00d6stersund via Myrviken and Hara, and 28 km to \u00d6stersund with the ferries across Norder\u00f6n. There are places like <a href=\"http:\/\/www.jamtli.com\/\">Jamtli<\/a>, Teknikland, Storsj\u00f6badet, Fr\u00f6s\u00f6 Church, and much more to explore. During winter, from January to early April, there is often an ice road over Lake Storsj\u00f6n towards \u00d6stersund, and the distance is then 22 km to \u00d6stersund.<\/p>\n<p>To <a href=\"http:\/\/www.bydalsfj\u00e4llen.se\/\">Bydalsfj\u00e4llen<\/a> with Bydalen, H\u00f6glekardalen, and Gr\u00e4ft\u00e5vallen, it is about 40 km. Here, there are a total of 50 slopes, beautiful cross-country tracks, hiking trails, and during summer, the possibility of mountain hiking. It is about 90 km to \u00c5re.[\/et_pb_text][\/et_pb_column][et_pb_column type=&#8221;1_2&#8243; _builder_version=&#8221;4.16&#8243; custom_padding=&#8221;|||&#8221; global_colors_info=&#8221;{}&#8221; custom_padding__hover=&#8221;|||&#8221;][et_pb_image src=&#8221;https:\/\/mansasen.com\/wp-content\/uploads\/2023\/05\/imgcard-2023-03-13T161829.099.jpg&#8221; title_text=&#8221;imgcard-2023-03-13T161829.099&#8243; _builder_version=&#8221;4.21.0&#8243; _module_preset=&#8221;default&#8221; hover_enabled=&#8221;0&#8243; global_colors_info=&#8221;{}&#8221; sticky_enabled=&#8221;0&#8243;][\/et_pb_image][\/et_pb_column][\/et_pb_row][\/et_pb_section]<\/p>\n","protected":false},"excerpt":{"rendered":"<p>To doOn the farm we have a large flea market with furniture, curios etc. We recommend dinner at Tivars on Norder\u00f6n, 8 km from M\u00e5ns\u00e5sen Summer open until 8 p.m. or at the restaurant H\u00e4vvi Eleine close to Myrviken. See info on websites or Facebook. In Myrviken, 8 km south of M\u00e5ns\u00e5sen, there is an [&hellip;]<\/p>\n","protected":false},"author":1,"featured_media":0,"parent":0,"menu_order":0,"comment_status":"closed","ping_status":"closed","template":"","meta":{"_et_pb_use_builder":"on","_et_pb_old_content":"","_et_gb_content_width":"","footnotes":""},"class_list":["post-25738","page","type-page","status-publish","hentry"],"yoast_head":"<!-- This site is optimized with the Yoast SEO plugin v20.8 - https:\/\/yoast.com\/wordpress\/plugins\/seo\/ -->\n<title>To do - M\u00e5ns\u00e5sen Bed &amp; Breakfast<\/title>\n<meta name=\"robots\" content=\"index, follow, max-snippet:-1, max-image-preview:large, max-video-preview:-1\" \/>\n<link rel=\"canonical\" href=\"https:\/\/mansasen.com\/en\/to-do\/\" \/>\n<meta property=\"og:locale\" content=\"en_US\" \/>\n<meta property=\"og:type\" content=\"article\" \/>\n<meta property=\"og:title\" content=\"To do - M\u00e5ns\u00e5sen Bed &amp; Breakfast\" \/>\n<meta property=\"og:description\" content=\"To doOn the farm we have a large flea market with furniture, curios etc. We recommend dinner at Tivars on Norder\u00f6n, 8 km from M\u00e5ns\u00e5sen Summer open until 8 p.m. or at the restaurant H\u00e4vvi Eleine close to Myrviken. See info on websites or Facebook. In Myrviken, 8 km south of M\u00e5ns\u00e5sen, there is an [&hellip;]\" \/>\n<meta property=\"og:url\" content=\"https:\/\/mansasen.com\/en\/to-do\/\" \/>\n<meta property=\"og:site_name\" content=\"M\u00e5ns\u00e5sen Bed &amp; Breakfast\" \/>\n<meta property=\"article:modified_time\" content=\"2023-05-23T10:41:45+00:00\" \/>\n<meta name=\"twitter:card\" content=\"summary_large_image\" \/>\n<meta name=\"twitter:label1\" content=\"Est. reading time\" \/>\n\t<meta name=\"twitter:data1\" content=\"2 minutes\" \/>\n<script type=\"application\/ld+json\" class=\"yoast-schema-graph\">{\"@context\":\"https:\/\/schema.org\",\"@graph\":[{\"@type\":\"WebPage\",\"@id\":\"https:\/\/mansasen.com\/en\/to-do\/\",\"url\":\"https:\/\/mansasen.com\/en\/to-do\/\",\"name\":\"To do - M\u00e5ns\u00e5sen Bed & Breakfast\",\"isPartOf\":{\"@id\":\"https:\/\/mansasen.com\/#website\"},\"datePublished\":\"2023-03-13T15:24:48+00:00\",\"dateModified\":\"2023-05-23T10:41:45+00:00\",\"breadcrumb\":{\"@id\":\"https:\/\/mansasen.com\/en\/to-do\/#breadcrumb\"},\"inLanguage\":\"en-US\",\"potentialAction\":[{\"@type\":\"ReadAction\",\"target\":[\"https:\/\/mansasen.com\/en\/to-do\/\"]}]},{\"@type\":\"BreadcrumbList\",\"@id\":\"https:\/\/mansasen.com\/en\/to-do\/#breadcrumb\",\"itemListElement\":[{\"@type\":\"ListItem\",\"position\":1,\"name\":\"Hem\",\"item\":\"https:\/\/mansasen.com\/\"},{\"@type\":\"ListItem\",\"position\":2,\"name\":\"To do\"}]},{\"@type\":\"WebSite\",\"@id\":\"https:\/\/mansasen.com\/#website\",\"url\":\"https:\/\/mansasen.com\/\",\"name\":\"https:\/\/mansasen.com\",\"description\":\"\",\"potentialAction\":[{\"@type\":\"SearchAction\",\"target\":{\"@type\":\"EntryPoint\",\"urlTemplate\":\"https:\/\/mansasen.com\/?s={search_term_string}\"},\"query-input\":\"required name=search_term_string\"}],\"inLanguage\":\"en-US\"}]}<\/script>\n<!-- \/ Yoast SEO plugin. -->","yoast_head_json":{"title":"To do - M\u00e5ns\u00e5sen Bed & Breakfast","robots":{"index":"index","follow":"follow","max-snippet":"max-snippet:-1","max-image-preview":"max-image-preview:large","max-video-preview":"max-video-preview:-1"},"canonical":"https:\/\/mansasen.com\/en\/to-do\/","og_locale":"en_US","og_type":"article","og_title":"To do - M\u00e5ns\u00e5sen Bed & Breakfast","og_description":"To doOn the farm we have a large flea market with furniture, curios etc. We recommend dinner at Tivars on Norder\u00f6n, 8 km from M\u00e5ns\u00e5sen Summer open until 8 p.m. or at the restaurant H\u00e4vvi Eleine close to Myrviken. See info on websites or Facebook. In Myrviken, 8 km south of M\u00e5ns\u00e5sen, there is an [&hellip;]","og_url":"https:\/\/mansasen.com\/en\/to-do\/","og_site_name":"M\u00e5ns\u00e5sen Bed & Breakfast","article_modified_time":"2023-05-23T10:41:45+00:00","twitter_card":"summary_large_image","twitter_misc":{"Est. reading time":"2 minutes"},"schema":{"@context":"https:\/\/schema.org","@graph":[{"@type":"WebPage","@id":"https:\/\/mansasen.com\/en\/to-do\/","url":"https:\/\/mansasen.com\/en\/to-do\/","name":"To do - M\u00e5ns\u00e5sen Bed & Breakfast","isPartOf":{"@id":"https:\/\/mansasen.com\/#website"},"datePublished":"2023-03-13T15:24:48+00:00","dateModified":"2023-05-23T10:41:45+00:00","breadcrumb":{"@id":"https:\/\/mansasen.com\/en\/to-do\/#breadcrumb"},"inLanguage":"en-US","potentialAction":[{"@type":"ReadAction","target":["https:\/\/mansasen.com\/en\/to-do\/"]}]},{"@type":"BreadcrumbList","@id":"https:\/\/mansasen.com\/en\/to-do\/#breadcrumb","itemListElement":[{"@type":"ListItem","position":1,"name":"Hem","item":"https:\/\/mansasen.com\/"},{"@type":"ListItem","position":2,"name":"To do"}]},{"@type":"WebSite","@id":"https:\/\/mansasen.com\/#website","url":"https:\/\/mansasen.com\/","name":"https:\/\/mansasen.com","description":"","potentialAction":[{"@type":"SearchAction","target":{"@type":"EntryPoint","urlTemplate":"https:\/\/mansasen.com\/?s={search_term_string}"},"query-input":"required name=search_term_string"}],"inLanguage":"en-US"}]}},"_links":{"self":[{"href":"https:\/\/mansasen.com\/en\/wp-json\/wp\/v2\/pages\/25738","targetHints":{"allow":["GET"]}}],"collection":[{"href":"https:\/\/mansasen.com\/en\/wp-json\/wp\/v2\/pages"}],"about":[{"href":"https:\/\/mansasen.com\/en\/wp-json\/wp\/v2\/types\/page"}],"author":[{"embeddable":true,"href":"https:\/\/mansasen.com\/en\/wp-json\/wp\/v2\/users\/1"}],"replies":[{"embeddable":true,"href":"https:\/\/mansasen.com\/en\/wp-json\/wp\/v2\/comments?post=25738"}],"version-history":[{"count":14,"href":"https:\/\/mansasen.com\/en\/wp-json\/wp\/v2\/pages\/25738\/revisions"}],"predecessor-version":[{"id":26010,"href":"https:\/\/mansasen.com\/en\/wp-json\/wp\/v2\/pages\/25738\/revisions\/26010"}],"wp:attachment":[{"href":"https:\/\/mansasen.com\/en\/wp-json\/wp\/v2\/media?parent=25738"}],"curies":[{"name":"wp","href":"https:\/\/api.w.org\/{rel}","templated":true}]}}